{"id":1908,"date":"2022-04-23T09:12:16","date_gmt":"2022-04-23T09:12:16","guid":{"rendered":"https:\/\/fernafoundation.org\/?page_id=1908"},"modified":"2022-12-19T08:59:47","modified_gmt":"2022-12-19T08:59:47","slug":"donera","status":"publish","type":"page","link":"https:\/\/fernafoundation.org\/sv\/donera\/","title":{"rendered":"Donera"},"content":{"rendered":"\t\t<div data-elementor-type=\"wp-page\" data-elementor-id=\"1908\" class=\"elementor elementor-1908\" data-elementor-post-type=\"page\">\n\t\t\t\t\t\t<section class=\"elementor-section elementor-top-section elementor-element elementor-element-7ea2edb elementor-section-height-min-height elementor-section-boxed elementor-section-height-default elementor-section-items-middle\" data-id=\"7ea2edb\" data-element_type=\"section\" data-e-type=\"section\" data-settings=\"{&quot;background_background&quot;:&quot;classic&quot;}\">\n\t\t\t\t\t\t\t<div class=\"elementor-background-overlay\"><\/div>\n\t\t\t\t\t\t\t<div class=\"elementor-container elementor-column-gap-default\">\n\t\t\t\t\t<div class=\"elementor-column elementor-col-100 elementor-top-column elementor-element elementor-element-96f521c\" data-id=\"96f521c\" data-element_type=\"column\" data-e-type=\"column\">\n\t\t\t<div class=\"elementor-widget-wrap elementor-element-populated\">\n\t\t\t\t\t\t<div class=\"elementor-element elementor-element-4114735 elementor-widget elementor-widget-heading\" data-id=\"4114735\" data-element_type=\"widget\" data-e-type=\"widget\" data-widget_type=\"heading.default\">\n\t\t\t\t<div class=\"elementor-widget-container\">\n\t\t\t\t\t<h2 class=\"elementor-heading-title elementor-size-default\">St\u00f6d oss<\/h2>\t\t\t\t<\/div>\n\t\t\t\t<\/div>\n\t\t\t\t\t<\/div>\n\t\t<\/div>\n\t\t\t\t\t<\/div>\n\t\t<\/section>\n\t\t\t\t<section class=\"elementor-section elementor-top-section elementor-element elementor-element-dd48fea elementor-section-boxed elementor-section-height-default elementor-section-height-default\" data-id=\"dd48fea\" data-element_type=\"section\" data-e-type=\"section\" data-settings=\"{&quot;background_background&quot;:&quot;classic&quot;}\">\n\t\t\t\t\t\t\t<div class=\"elementor-background-overlay\"><\/div>\n\t\t\t\t\t\t\t<div class=\"elementor-container elementor-column-gap-default\">\n\t\t\t\t\t<div class=\"elementor-column elementor-col-50 elementor-top-column elementor-element elementor-element-a82eebf\" data-id=\"a82eebf\" data-element_type=\"column\" data-e-type=\"column\">\n\t\t\t<div class=\"elementor-widget-wrap elementor-element-populated\">\n\t\t\t\t\t\t<div class=\"elementor-element elementor-element-127f801a elementor-widget elementor-widget-text-editor\" data-id=\"127f801a\" data-element_type=\"widget\" data-e-type=\"widget\" data-widget_type=\"text-editor.default\">\n\t\t\t\t<div class=\"elementor-widget-container\">\n\t\t\t\t\t\t\t\t\t<p>Vill du som juridisk person \u00ad\u2013 annan stiftelse, institution, bank, f\u00f6retag eller annan typ av finansi\u00e4r \u2013\u00a0eller privatperson donera medel till FERNA f\u00f6r att hj\u00e4lpa entrepren\u00f6rer, innovat\u00f6rer samt sm\u00e5 och medelstora f\u00f6retag inom den skogliga sektorn att lyckas med att skapa ett h\u00e5llbart och konkurrenskraftigt skogsbruk och skogsn\u00e4ring som i f\u00f6rl\u00e4ngningen motverkar olaglig avverkning?<\/p><p>Eller vill du st\u00f6dja forskare, naturv\u00e5rdare, kunskapsf\u00f6rmedlare och expeditionsledare som vill lyfta kunskapsniv\u00e5n och \u00f6ka allm\u00e4nhetens intresse f\u00f6r skogen och skogsr\u00e5varan?<\/p><p><strong>St\u00f6d FERNA genom en ins\u00e4ttning p\u00e5 bankgiro: 5943-5438<\/strong><\/p><p>Tack f\u00f6r ditt bidrag!<\/p>\t\t\t\t\t\t\t\t<\/div>\n\t\t\t\t<\/div>\n\t\t\t\t\t<\/div>\n\t\t<\/div>\n\t\t\t\t<div class=\"elementor-column elementor-col-50 elementor-top-column elementor-element elementor-element-96a4e33 elementor-hidden-mobile\" data-id=\"96a4e33\" data-element_type=\"column\" data-e-type=\"column\">\n\t\t\t<div class=\"elementor-widget-wrap\">\n\t\t\t\t\t\t\t<\/div>\n\t\t<\/div>\n\t\t\t\t\t<\/div>\n\t\t<\/section>\n\t\t\t\t<section class=\"elementor-section elementor-top-section elementor-element elementor-element-d5ad330 elementor-section-full_width elementor-section-height-default elementor-section-height-default\" data-id=\"d5ad330\" data-element_type=\"section\" data-e-type=\"section\">\n\t\t\t\t\t\t<div class=\"elementor-container elementor-column-gap-default\">\n\t\t\t\t\t<div class=\"elementor-column elementor-col-100 elementor-top-column elementor-element elementor-element-6e4084d\" data-id=\"6e4084d\" data-element_type=\"column\" data-e-type=\"column\">\n\t\t\t<div class=\"elementor-widget-wrap elementor-element-populated\">\n\t\t\t\t\t\t<div class=\"elementor-element elementor-element-6a2e31a elementor-widget elementor-widget-template\" data-id=\"6a2e31a\" data-element_type=\"widget\" data-e-type=\"widget\" data-widget_type=\"template.default\">\n\t\t\t\t<div class=\"elementor-widget-container\">\n\t\t\t\t\t\t\t<div class=\"elementor-template\">\n\t\t\t\t\t<div data-elementor-type=\"section\" data-elementor-id=\"607\" class=\"elementor elementor-607\" data-elementor-post-type=\"elementor_library\">\n\t\t\t\t\t<section class=\"elementor-section elementor-top-section elementor-element elementor-element-6a2a8be elementor-section-boxed elementor-section-height-default elementor-section-height-default\" data-id=\"6a2a8be\" data-element_type=\"section\" data-e-type=\"section\">\n\t\t\t\t\t\t<div class=\"elementor-container elementor-column-gap-default\">\n\t\t\t\t\t<div class=\"elementor-column elementor-col-100 elementor-top-column elementor-element elementor-element-54479aa1\" data-id=\"54479aa1\" data-element_type=\"column\" data-e-type=\"column\">\n\t\t\t<div class=\"elementor-widget-wrap elementor-element-populated\">\n\t\t\t\t\t\t<div class=\"elementor-element elementor-element-1e60a506 elementor-widget elementor-widget-heading\" data-id=\"1e60a506\" data-element_type=\"widget\" data-e-type=\"widget\" data-widget_type=\"heading.default\">\n\t\t\t\t<div class=\"elementor-widget-container\">\n\t\t\t\t\t<h3 class=\"elementor-heading-title elementor-size-default\">Insamlingsstiftelsen FERNA med s\u00e4te i Uppsala, Sverige, grundades den 29 april 2022 av stiftaren Bengt S\u00f6rvik.<\/h3>\t\t\t\t<\/div>\n\t\t\t\t<\/div>\n\t\t\t\t\t<\/div>\n\t\t<\/div>\n\t\t\t\t\t<\/div>\n\t\t<\/section>\n\t\t\t\t<\/div>\n\t\t\t\t<\/div>\n\t\t\t\t\t\t<\/div>\n\t\t\t\t<\/div>\n\t\t\t\t\t<\/div>\n\t\t<\/div>\n\t\t\t\t\t<\/div>\n\t\t<\/section>\n\t\t\t\t<\/div>\n\t\t","protected":false},"excerpt":{"rendered":"<p>St\u00f6d oss Vill du som juridisk person \u00ad\u2013 annan stiftelse, institution, bank, f\u00f6retag eller annan typ av finansi\u00e4r \u2013\u00a0eller privatperson donera medel till FERNA f\u00f6r att hj\u00e4lpa entrepren\u00f6rer, innovat\u00f6rer samt sm\u00e5 och medelstora f\u00f6retag inom den skogliga sektorn att lyckas med att skapa ett h\u00e5llbart och konkurrenskraftigt skogsbruk och skogsn\u00e4ring som i f\u00f6rl\u00e4ngningen motverkar olaglig [&hellip;]<\/p>\n","protected":false},"author":2,"featured_media":0,"parent":0,"menu_order":0,"comment_status":"closed","ping_status":"closed","template":"","meta":{"footnotes":""},"class_list":["post-1908","page","type-page","status-publish","hentry"],"yoast_head":"<!-- This site is optimized with the Yoast SEO plugin v27.3 - https:\/\/yoast.com\/product\/yoast-seo-wordpress\/ -->\n<title>Donera &#8211; FERNA<\/title>\n<meta name=\"description\" content=\"St\u00f6d FERNA hj\u00e4lpa entrepren\u00f6rer, innovat\u00f6rer och SMEs lyckas med att skapa ett h\u00e5llbart och konkurrenskraftigt skogsbruk och skogsn\u00e4ring. Tack p\u00e5 f\u00f6rhand!\" \/>\n<meta name=\"robots\" content=\"index, follow, max-snippet:-1, max-image-preview:large, max-video-preview:-1\" \/>\n<link rel=\"canonical\" href=\"https:\/\/fernafoundation.org\/sv\/donera\/\" \/>\n<meta property=\"og:locale\" content=\"sv_SE\" \/>\n<meta property=\"og:type\" content=\"article\" \/>\n<meta property=\"og:title\" content=\"Donera &#8211; FERNA\" \/>\n<meta property=\"og:description\" content=\"St\u00f6d FERNA hj\u00e4lpa entrepren\u00f6rer, innovat\u00f6rer och SMEs lyckas med att skapa ett h\u00e5llbart och konkurrenskraftigt skogsbruk och skogsn\u00e4ring. Tack p\u00e5 f\u00f6rhand!\" \/>\n<meta property=\"og:url\" content=\"https:\/\/fernafoundation.org\/sv\/donera\/\" \/>\n<meta property=\"og:site_name\" content=\"FERNA\" \/>\n<meta property=\"article:modified_time\" content=\"2022-12-19T08:59:47+00:00\" \/>\n<meta name=\"twitter:card\" content=\"summary_large_image\" \/>\n<meta name=\"twitter:label1\" content=\"Ber\u00e4knad l\u00e4stid\" \/>\n\t<meta name=\"twitter:data1\" content=\"1 minut\" \/>\n<script type=\"application\/ld+json\" class=\"yoast-schema-graph\">{\"@context\":\"https:\\\/\\\/schema.org\",\"@graph\":[{\"@type\":\"WebPage\",\"@id\":\"https:\\\/\\\/fernafoundation.org\\\/sv\\\/donera\\\/\",\"url\":\"https:\\\/\\\/fernafoundation.org\\\/sv\\\/donera\\\/\",\"name\":\"Donera &#8211; FERNA\",\"isPartOf\":{\"@id\":\"https:\\\/\\\/fernafoundation.org\\\/sv\\\/#website\"},\"datePublished\":\"2022-04-23T09:12:16+00:00\",\"dateModified\":\"2022-12-19T08:59:47+00:00\",\"description\":\"St\u00f6d FERNA hj\u00e4lpa entrepren\u00f6rer, innovat\u00f6rer och SMEs lyckas med att skapa ett h\u00e5llbart och konkurrenskraftigt skogsbruk och skogsn\u00e4ring. Tack p\u00e5 f\u00f6rhand!\",\"breadcrumb\":{\"@id\":\"https:\\\/\\\/fernafoundation.org\\\/sv\\\/donera\\\/#breadcrumb\"},\"inLanguage\":\"sv-SE\",\"potentialAction\":[{\"@type\":\"ReadAction\",\"target\":[\"https:\\\/\\\/fernafoundation.org\\\/sv\\\/donera\\\/\"]}]},{\"@type\":\"BreadcrumbList\",\"@id\":\"https:\\\/\\\/fernafoundation.org\\\/sv\\\/donera\\\/#breadcrumb\",\"itemListElement\":[{\"@type\":\"ListItem\",\"position\":1,\"name\":\"Hem\",\"item\":\"https:\\\/\\\/fernafoundation.org\\\/sv\\\/\"},{\"@type\":\"ListItem\",\"position\":2,\"name\":\"Donera\"}]},{\"@type\":\"WebSite\",\"@id\":\"https:\\\/\\\/fernafoundation.org\\\/sv\\\/#website\",\"url\":\"https:\\\/\\\/fernafoundation.org\\\/sv\\\/\",\"name\":\"FERNA\",\"description\":\"The giving foundation for Forest Entrepreneurship, Research, Nature  conservation and Adventure\",\"publisher\":{\"@id\":\"https:\\\/\\\/fernafoundation.org\\\/sv\\\/#organization\"},\"potentialAction\":[{\"@type\":\"SearchAction\",\"target\":{\"@type\":\"EntryPoint\",\"urlTemplate\":\"https:\\\/\\\/fernafoundation.org\\\/sv\\\/?s={search_term_string}\"},\"query-input\":{\"@type\":\"PropertyValueSpecification\",\"valueRequired\":true,\"valueName\":\"search_term_string\"}}],\"inLanguage\":\"sv-SE\"},{\"@type\":\"Organization\",\"@id\":\"https:\\\/\\\/fernafoundation.org\\\/sv\\\/#organization\",\"name\":\"Ferna Foundation\",\"url\":\"https:\\\/\\\/fernafoundation.org\\\/sv\\\/\",\"logo\":{\"@type\":\"ImageObject\",\"inLanguage\":\"sv-SE\",\"@id\":\"https:\\\/\\\/fernafoundation.org\\\/sv\\\/#\\\/schema\\\/logo\\\/image\\\/\",\"url\":\"https:\\\/\\\/fernafoundation.org\\\/wp-content\\\/uploads\\\/2022\\\/04\\\/FERNA-Logo-orig.png\",\"contentUrl\":\"https:\\\/\\\/fernafoundation.org\\\/wp-content\\\/uploads\\\/2022\\\/04\\\/FERNA-Logo-orig.png\",\"width\":2560,\"height\":539,\"caption\":\"Ferna Foundation\"},\"image\":{\"@id\":\"https:\\\/\\\/fernafoundation.org\\\/sv\\\/#\\\/schema\\\/logo\\\/image\\\/\"}}]}<\/script>\n<!-- \/ Yoast SEO plugin. -->","yoast_head_json":{"title":"Donera &#8211; FERNA","description":"St\u00f6d FERNA hj\u00e4lpa entrepren\u00f6rer, innovat\u00f6rer och SMEs lyckas med att skapa ett h\u00e5llbart och konkurrenskraftigt skogsbruk och skogsn\u00e4ring. Tack p\u00e5 f\u00f6rhand!","robots":{"index":"index","follow":"follow","max-snippet":"max-snippet:-1","max-image-preview":"max-image-preview:large","max-video-preview":"max-video-preview:-1"},"canonical":"https:\/\/fernafoundation.org\/sv\/donera\/","og_locale":"sv_SE","og_type":"article","og_title":"Donera &#8211; FERNA","og_description":"St\u00f6d FERNA hj\u00e4lpa entrepren\u00f6rer, innovat\u00f6rer och SMEs lyckas med att skapa ett h\u00e5llbart och konkurrenskraftigt skogsbruk och skogsn\u00e4ring. Tack p\u00e5 f\u00f6rhand!","og_url":"https:\/\/fernafoundation.org\/sv\/donera\/","og_site_name":"FERNA","article_modified_time":"2022-12-19T08:59:47+00:00","twitter_card":"summary_large_image","twitter_misc":{"Ber\u00e4knad l\u00e4stid":"1 minut"},"schema":{"@context":"https:\/\/schema.org","@graph":[{"@type":"WebPage","@id":"https:\/\/fernafoundation.org\/sv\/donera\/","url":"https:\/\/fernafoundation.org\/sv\/donera\/","name":"Donera &#8211; FERNA","isPartOf":{"@id":"https:\/\/fernafoundation.org\/sv\/#website"},"datePublished":"2022-04-23T09:12:16+00:00","dateModified":"2022-12-19T08:59:47+00:00","description":"St\u00f6d FERNA hj\u00e4lpa entrepren\u00f6rer, innovat\u00f6rer och SMEs lyckas med att skapa ett h\u00e5llbart och konkurrenskraftigt skogsbruk och skogsn\u00e4ring. Tack p\u00e5 f\u00f6rhand!","breadcrumb":{"@id":"https:\/\/fernafoundation.org\/sv\/donera\/#breadcrumb"},"inLanguage":"sv-SE","potentialAction":[{"@type":"ReadAction","target":["https:\/\/fernafoundation.org\/sv\/donera\/"]}]},{"@type":"BreadcrumbList","@id":"https:\/\/fernafoundation.org\/sv\/donera\/#breadcrumb","itemListElement":[{"@type":"ListItem","position":1,"name":"Hem","item":"https:\/\/fernafoundation.org\/sv\/"},{"@type":"ListItem","position":2,"name":"Donera"}]},{"@type":"WebSite","@id":"https:\/\/fernafoundation.org\/sv\/#website","url":"https:\/\/fernafoundation.org\/sv\/","name":"FERNA","description":"The giving foundation for Forest Entrepreneurship, Research, Nature  conservation and Adventure","publisher":{"@id":"https:\/\/fernafoundation.org\/sv\/#organization"},"potentialAction":[{"@type":"SearchAction","target":{"@type":"EntryPoint","urlTemplate":"https:\/\/fernafoundation.org\/sv\/?s={search_term_string}"},"query-input":{"@type":"PropertyValueSpecification","valueRequired":true,"valueName":"search_term_string"}}],"inLanguage":"sv-SE"},{"@type":"Organization","@id":"https:\/\/fernafoundation.org\/sv\/#organization","name":"Ferna Foundation","url":"https:\/\/fernafoundation.org\/sv\/","logo":{"@type":"ImageObject","inLanguage":"sv-SE","@id":"https:\/\/fernafoundation.org\/sv\/#\/schema\/logo\/image\/","url":"https:\/\/fernafoundation.org\/wp-content\/uploads\/2022\/04\/FERNA-Logo-orig.png","contentUrl":"https:\/\/fernafoundation.org\/wp-content\/uploads\/2022\/04\/FERNA-Logo-orig.png","width":2560,"height":539,"caption":"Ferna Foundation"},"image":{"@id":"https:\/\/fernafoundation.org\/sv\/#\/schema\/logo\/image\/"}}]}},"_links":{"self":[{"href":"https:\/\/fernafoundation.org\/sv\/wp-json\/wp\/v2\/pages\/1908","targetHints":{"allow":["GET"]}}],"collection":[{"href":"https:\/\/fernafoundation.org\/sv\/wp-json\/wp\/v2\/pages"}],"about":[{"href":"https:\/\/fernafoundation.org\/sv\/wp-json\/wp\/v2\/types\/page"}],"author":[{"embeddable":true,"href":"https:\/\/fernafoundation.org\/sv\/wp-json\/wp\/v2\/users\/2"}],"replies":[{"embeddable":true,"href":"https:\/\/fernafoundation.org\/sv\/wp-json\/wp\/v2\/comments?post=1908"}],"version-history":[{"count":16,"href":"https:\/\/fernafoundation.org\/sv\/wp-json\/wp\/v2\/pages\/1908\/revisions"}],"predecessor-version":[{"id":2995,"href":"https:\/\/fernafoundation.org\/sv\/wp-json\/wp\/v2\/pages\/1908\/revisions\/2995"}],"wp:attachment":[{"href":"https:\/\/fernafoundation.org\/sv\/wp-json\/wp\/v2\/media?parent=1908"}],"curies":[{"name":"wp","href":"https:\/\/api.w.org\/{rel}","templated":true}]}}