{"id":814,"date":"2022-04-12T14:23:17","date_gmt":"2022-04-12T14:23:17","guid":{"rendered":"https:\/\/fernafoundation.org\/?page_id=814"},"modified":"2022-12-19T08:49:12","modified_gmt":"2022-12-19T08:49:12","slug":"upprop","status":"publish","type":"page","link":"https:\/\/fernafoundation.org\/sv\/upprop\/","title":{"rendered":"Upprop"},"content":{"rendered":"\t\t<div data-elementor-type=\"wp-page\" data-elementor-id=\"814\" class=\"elementor elementor-814\" data-elementor-post-type=\"page\">\n\t\t\t\t\t\t<section class=\"elementor-section elementor-top-section elementor-element elementor-element-5e4ac51 elementor-section-height-min-height elementor-section-boxed elementor-section-height-default elementor-section-items-middle\" data-id=\"5e4ac51\" data-element_type=\"section\" data-e-type=\"section\" data-settings=\"{&quot;background_background&quot;:&quot;classic&quot;}\">\n\t\t\t\t\t\t\t<div class=\"elementor-background-overlay\"><\/div>\n\t\t\t\t\t\t\t<div class=\"elementor-container elementor-column-gap-default\">\n\t\t\t\t\t<div class=\"elementor-column elementor-col-100 elementor-top-column elementor-element elementor-element-fc5d2e7\" data-id=\"fc5d2e7\" data-element_type=\"column\" data-e-type=\"column\">\n\t\t\t<div class=\"elementor-widget-wrap elementor-element-populated\">\n\t\t\t\t\t\t<div class=\"elementor-element elementor-element-f7adbaa elementor-widget elementor-widget-heading\" data-id=\"f7adbaa\" data-element_type=\"widget\" data-e-type=\"widget\" data-widget_type=\"heading.default\">\n\t\t\t\t<div class=\"elementor-widget-container\">\n\t\t\t\t\t<h2 class=\"elementor-heading-title elementor-size-default\">Upprop \u2013 11 maj 2022<\/h2>\t\t\t\t<\/div>\n\t\t\t\t<\/div>\n\t\t\t\t\t<\/div>\n\t\t<\/div>\n\t\t\t\t\t<\/div>\n\t\t<\/section>\n\t\t\t\t<section class=\"elementor-section elementor-top-section elementor-element elementor-element-1199dd3 elementor-reverse-tablet elementor-reverse-mobile elementor-section-boxed elementor-section-height-default elementor-section-height-default\" data-id=\"1199dd3\" data-element_type=\"section\" data-e-type=\"section\" data-settings=\"{&quot;background_background&quot;:&quot;classic&quot;}\">\n\t\t\t\t\t\t\t<div class=\"elementor-background-overlay\"><\/div>\n\t\t\t\t\t\t\t<div class=\"elementor-container elementor-column-gap-default\">\n\t\t\t\t\t<div class=\"elementor-column elementor-col-50 elementor-top-column elementor-element elementor-element-026c340\" data-id=\"026c340\" data-element_type=\"column\" data-e-type=\"column\">\n\t\t\t<div class=\"elementor-widget-wrap elementor-element-populated\">\n\t\t\t\t\t\t<div class=\"elementor-element elementor-element-a3b8cdb list-padding elementor-widget elementor-widget-text-editor\" data-id=\"a3b8cdb\" data-element_type=\"widget\" data-e-type=\"widget\" data-widget_type=\"text-editor.default\">\n\t\t\t\t<div class=\"elementor-widget-container\">\n\t\t\t\t\t\t\t\t\t<p>Stiftelsens syfte \u00e4r att fr\u00e4mja vetenskaplig forskning och h\u00e5llbar utveckling av skogsn\u00e4ringen med s\u00e4rskilt fokus p\u00e5 skogsbruket f\u00f6r att f\u00f6rb\u00e4ttra sp\u00e5rbarheten av v\u00e4rldens skogliga produkter, fr\u00e4mst timmer och s\u00e5gad tr\u00e4vara, s\u00e5 att olaglig avverkning motverkas. Stiftelsen \u00e4mnar \u00e4ven st\u00f6dja personer och organisationer som arbetar med utveckling av nya produkter\/tj\u00e4nster, naturv\u00e5rd, milj\u00f6v\u00e5rd och ekologisk h\u00e5llbarhet f\u00f6r att h\u00f6ja allm\u00e4nhetens kunskapsniv\u00e5 samt intresse f\u00f6r skogen och skogsr\u00e5varan.\u00a0<\/p>\t\t\t\t\t\t\t\t<\/div>\n\t\t\t\t<\/div>\n\t\t\t\t<div class=\"elementor-element elementor-element-40a16d4 list-padding elementor-widget elementor-widget-text-editor\" data-id=\"40a16d4\" data-element_type=\"widget\" data-e-type=\"widget\" data-widget_type=\"text-editor.default\">\n\t\t\t\t<div class=\"elementor-widget-container\">\n\t\t\t\t\t\t\t\t\t<p>Stiftelsens \u00e4ndam\u00e5l \u00e4r att:<\/p><ul><li>Fr\u00e4mja projekt som fokuserar p\u00e5 utveckling av h\u00e5llbara projekt inom skogsbruk och f\u00f6r\u00e4dlingsindustri.<\/li><li>Fr\u00e4mja projekt och insatser i enlighet med stiftelsens syfte.<\/li><li>Fr\u00e4mja forskning av strategisk betydelse f\u00f6r en god livsmilj\u00f6.<\/li><li>Fr\u00e4mja spridning av en f\u00f6rdjupad ber\u00e4ttelse om skogen som global resurs enligt principen \u201dJorden \u2013\u00a0en gr\u00f6n planet\u201d.<\/li><li>Fr\u00e4mja \u00e4ventyr och upplevelser som lyfter fram ber\u00e4ttelsen om m\u00e4nniskans relation till fr\u00e4mst skogen, men \u00e4ven andra naturtyper.<\/li><li>Dela ut stipendium till personer som verkar inom stiftelsens omr\u00e5de.<\/li><li>Driva egna projekt i enlighet med stiftelsens syfte.<\/li><\/ul>\t\t\t\t\t\t\t\t<\/div>\n\t\t\t\t<\/div>\n\t\t\t\t<div class=\"elementor-element elementor-element-889a5e0 elementor-widget elementor-widget-text-editor\" data-id=\"889a5e0\" data-element_type=\"widget\" data-e-type=\"widget\" data-widget_type=\"text-editor.default\">\n\t\t\t\t<div class=\"elementor-widget-container\">\n\t\t\t\t\t\t\t\t\t<p>Stiftelsen \u00e4r partipolitiskt frist\u00e5ende och religi\u00f6st obunden.<\/p><p>Stiftelsens f\u00f6rsta upprop \u00e4mnar fr\u00e4mja projekt som fokuserar p\u00e5 utveckling av h\u00e5llbara projekt inom skogsbruk och f\u00f6r\u00e4dlingsindustri.<\/p><p><em>Bengt S\u00f6rvik, stiftare<\/em><\/p><p>\u00a0<\/p><p>Medel som tillfaller stiftelsen genom uppropet ska som en sj\u00e4lvst\u00e4ndig f\u00f6rm\u00f6genhet anv\u00e4ndas f\u00f6r att fr\u00e4mja stiftelsens best\u00e4mda och varaktiga \u00e4ndam\u00e5l.\u00a0 <\/p>\t\t\t\t\t\t\t\t<\/div>\n\t\t\t\t<\/div>\n\t\t\t\t\t<\/div>\n\t\t<\/div>\n\t\t\t\t<div class=\"elementor-column elementor-col-50 elementor-top-column elementor-element elementor-element-ee286b6 elementor-hidden-tablet\" data-id=\"ee286b6\" data-element_type=\"column\" data-e-type=\"column\">\n\t\t\t<div class=\"elementor-widget-wrap\">\n\t\t\t\t\t\t\t<\/div>\n\t\t<\/div>\n\t\t\t\t\t<\/div>\n\t\t<\/section>\n\t\t\t\t<section class=\"elementor-section elementor-top-section elementor-element elementor-element-a9a2580 elementor-section-full_width elementor-section-height-default elementor-section-height-default\" data-id=\"a9a2580\" data-element_type=\"section\" data-e-type=\"section\">\n\t\t\t\t\t\t<div class=\"elementor-container elementor-column-gap-default\">\n\t\t\t\t\t<div class=\"elementor-column elementor-col-100 elementor-top-column elementor-element elementor-element-46a6eaf\" data-id=\"46a6eaf\" data-element_type=\"column\" data-e-type=\"column\">\n\t\t\t<div class=\"elementor-widget-wrap elementor-element-populated\">\n\t\t\t\t\t\t<div class=\"elementor-element elementor-element-4914974 elementor-widget elementor-widget-heading\" data-id=\"4914974\" data-element_type=\"widget\" data-e-type=\"widget\" data-widget_type=\"heading.default\">\n\t\t\t\t<div class=\"elementor-widget-container\">\n\t\t\t\t\t<h3 class=\"elementor-heading-title elementor-size-default\">St\u00f6d FERNA genom en ins\u00e4ttning p\u00e5:<\/h3>\t\t\t\t<\/div>\n\t\t\t\t<\/div>\n\t\t\t\t<div class=\"elementor-element elementor-element-5c15ef5 elementor-widget elementor-widget-heading\" data-id=\"5c15ef5\" data-element_type=\"widget\" data-e-type=\"widget\" data-widget_type=\"heading.default\">\n\t\t\t\t<div class=\"elementor-widget-container\">\n\t\t\t\t\t<span class=\"elementor-heading-title elementor-size-default\">Bankgiro: 5943-5438 <\/span>\t\t\t\t<\/div>\n\t\t\t\t<\/div>\n\t\t\t\t\t<\/div>\n\t\t<\/div>\n\t\t\t\t\t<\/div>\n\t\t<\/section>\n\t\t\t\t<\/div>\n\t\t","protected":false},"excerpt":{"rendered":"<p>Upprop \u2013 11 maj 2022 Stiftelsens syfte \u00e4r att fr\u00e4mja vetenskaplig forskning och h\u00e5llbar utveckling av skogsn\u00e4ringen med s\u00e4rskilt fokus p\u00e5 skogsbruket f\u00f6r att f\u00f6rb\u00e4ttra sp\u00e5rbarheten av v\u00e4rldens skogliga produkter, fr\u00e4mst timmer och s\u00e5gad tr\u00e4vara, s\u00e5 att olaglig avverkning motverkas. Stiftelsen \u00e4mnar \u00e4ven st\u00f6dja personer och organisationer som arbetar med utveckling av nya produkter\/tj\u00e4nster, naturv\u00e5rd, [&hellip;]<\/p>\n","protected":false},"author":2,"featured_media":0,"parent":0,"menu_order":0,"comment_status":"closed","ping_status":"closed","template":"","meta":{"footnotes":""},"class_list":["post-814","page","type-page","status-publish","hentry"],"yoast_head":"<!-- This site is optimized with the Yoast SEO plugin v27.4 - https:\/\/yoast.com\/product\/yoast-seo-wordpress\/ -->\n<title>Upprop &#8211; FERNA<\/title>\n<meta name=\"description\" content=\"Insamlingsstiftelsen FERNAs f\u00f6rsta upprop \u00e4mnar fr\u00e4mja projekt som fokuserar p\u00e5 utveckling av h\u00e5llbara projekt inom skogsbruk och f\u00f6r\u00e4dlingsindustri.\" \/>\n<meta name=\"robots\" content=\"index, follow, max-snippet:-1, max-image-preview:large, max-video-preview:-1\" \/>\n<link rel=\"canonical\" href=\"https:\/\/fernafoundation.org\/sv\/upprop\/\" \/>\n<meta property=\"og:locale\" content=\"sv_SE\" \/>\n<meta property=\"og:type\" content=\"article\" \/>\n<meta property=\"og:title\" content=\"Upprop &#8211; FERNA\" \/>\n<meta property=\"og:description\" content=\"Insamlingsstiftelsen FERNAs f\u00f6rsta upprop \u00e4mnar fr\u00e4mja projekt som fokuserar p\u00e5 utveckling av h\u00e5llbara projekt inom skogsbruk och f\u00f6r\u00e4dlingsindustri.\" \/>\n<meta property=\"og:url\" content=\"https:\/\/fernafoundation.org\/sv\/upprop\/\" \/>\n<meta property=\"og:site_name\" content=\"FERNA\" \/>\n<meta property=\"article:modified_time\" content=\"2022-12-19T08:49:12+00:00\" \/>\n<meta name=\"twitter:card\" content=\"summary_large_image\" \/>\n<meta name=\"twitter:label1\" content=\"Ber\u00e4knad l\u00e4stid\" \/>\n\t<meta name=\"twitter:data1\" content=\"1 minut\" \/>\n<script type=\"application\/ld+json\" class=\"yoast-schema-graph\">{\"@context\":\"https:\\\/\\\/schema.org\",\"@graph\":[{\"@type\":\"WebPage\",\"@id\":\"https:\\\/\\\/fernafoundation.org\\\/sv\\\/upprop\\\/\",\"url\":\"https:\\\/\\\/fernafoundation.org\\\/sv\\\/upprop\\\/\",\"name\":\"Upprop &#8211; FERNA\",\"isPartOf\":{\"@id\":\"https:\\\/\\\/fernafoundation.org\\\/sv\\\/#website\"},\"datePublished\":\"2022-04-12T14:23:17+00:00\",\"dateModified\":\"2022-12-19T08:49:12+00:00\",\"description\":\"Insamlingsstiftelsen FERNAs f\u00f6rsta upprop \u00e4mnar fr\u00e4mja projekt som fokuserar p\u00e5 utveckling av h\u00e5llbara projekt inom skogsbruk och f\u00f6r\u00e4dlingsindustri.\",\"breadcrumb\":{\"@id\":\"https:\\\/\\\/fernafoundation.org\\\/sv\\\/upprop\\\/#breadcrumb\"},\"inLanguage\":\"sv-SE\",\"potentialAction\":[{\"@type\":\"ReadAction\",\"target\":[\"https:\\\/\\\/fernafoundation.org\\\/sv\\\/upprop\\\/\"]}]},{\"@type\":\"BreadcrumbList\",\"@id\":\"https:\\\/\\\/fernafoundation.org\\\/sv\\\/upprop\\\/#breadcrumb\",\"itemListElement\":[{\"@type\":\"ListItem\",\"position\":1,\"name\":\"Hem\",\"item\":\"https:\\\/\\\/fernafoundation.org\\\/sv\\\/\"},{\"@type\":\"ListItem\",\"position\":2,\"name\":\"Upprop\"}]},{\"@type\":\"WebSite\",\"@id\":\"https:\\\/\\\/fernafoundation.org\\\/sv\\\/#website\",\"url\":\"https:\\\/\\\/fernafoundation.org\\\/sv\\\/\",\"name\":\"FERNA\",\"description\":\"The giving foundation for Forest Entrepreneurship, Research, Nature  conservation and Adventure\",\"publisher\":{\"@id\":\"https:\\\/\\\/fernafoundation.org\\\/sv\\\/#organization\"},\"potentialAction\":[{\"@type\":\"SearchAction\",\"target\":{\"@type\":\"EntryPoint\",\"urlTemplate\":\"https:\\\/\\\/fernafoundation.org\\\/sv\\\/?s={search_term_string}\"},\"query-input\":{\"@type\":\"PropertyValueSpecification\",\"valueRequired\":true,\"valueName\":\"search_term_string\"}}],\"inLanguage\":\"sv-SE\"},{\"@type\":\"Organization\",\"@id\":\"https:\\\/\\\/fernafoundation.org\\\/sv\\\/#organization\",\"name\":\"Ferna Foundation\",\"url\":\"https:\\\/\\\/fernafoundation.org\\\/sv\\\/\",\"logo\":{\"@type\":\"ImageObject\",\"inLanguage\":\"sv-SE\",\"@id\":\"https:\\\/\\\/fernafoundation.org\\\/sv\\\/#\\\/schema\\\/logo\\\/image\\\/\",\"url\":\"https:\\\/\\\/fernafoundation.org\\\/wp-content\\\/uploads\\\/2022\\\/04\\\/FERNA-Logo-orig.png\",\"contentUrl\":\"https:\\\/\\\/fernafoundation.org\\\/wp-content\\\/uploads\\\/2022\\\/04\\\/FERNA-Logo-orig.png\",\"width\":2560,\"height\":539,\"caption\":\"Ferna Foundation\"},\"image\":{\"@id\":\"https:\\\/\\\/fernafoundation.org\\\/sv\\\/#\\\/schema\\\/logo\\\/image\\\/\"}}]}<\/script>\n<!-- \/ Yoast SEO plugin. -->","yoast_head_json":{"title":"Upprop &#8211; FERNA","description":"Insamlingsstiftelsen FERNAs f\u00f6rsta upprop \u00e4mnar fr\u00e4mja projekt som fokuserar p\u00e5 utveckling av h\u00e5llbara projekt inom skogsbruk och f\u00f6r\u00e4dlingsindustri.","robots":{"index":"index","follow":"follow","max-snippet":"max-snippet:-1","max-image-preview":"max-image-preview:large","max-video-preview":"max-video-preview:-1"},"canonical":"https:\/\/fernafoundation.org\/sv\/upprop\/","og_locale":"sv_SE","og_type":"article","og_title":"Upprop &#8211; FERNA","og_description":"Insamlingsstiftelsen FERNAs f\u00f6rsta upprop \u00e4mnar fr\u00e4mja projekt som fokuserar p\u00e5 utveckling av h\u00e5llbara projekt inom skogsbruk och f\u00f6r\u00e4dlingsindustri.","og_url":"https:\/\/fernafoundation.org\/sv\/upprop\/","og_site_name":"FERNA","article_modified_time":"2022-12-19T08:49:12+00:00","twitter_card":"summary_large_image","twitter_misc":{"Ber\u00e4knad l\u00e4stid":"1 minut"},"schema":{"@context":"https:\/\/schema.org","@graph":[{"@type":"WebPage","@id":"https:\/\/fernafoundation.org\/sv\/upprop\/","url":"https:\/\/fernafoundation.org\/sv\/upprop\/","name":"Upprop &#8211; FERNA","isPartOf":{"@id":"https:\/\/fernafoundation.org\/sv\/#website"},"datePublished":"2022-04-12T14:23:17+00:00","dateModified":"2022-12-19T08:49:12+00:00","description":"Insamlingsstiftelsen FERNAs f\u00f6rsta upprop \u00e4mnar fr\u00e4mja projekt som fokuserar p\u00e5 utveckling av h\u00e5llbara projekt inom skogsbruk och f\u00f6r\u00e4dlingsindustri.","breadcrumb":{"@id":"https:\/\/fernafoundation.org\/sv\/upprop\/#breadcrumb"},"inLanguage":"sv-SE","potentialAction":[{"@type":"ReadAction","target":["https:\/\/fernafoundation.org\/sv\/upprop\/"]}]},{"@type":"BreadcrumbList","@id":"https:\/\/fernafoundation.org\/sv\/upprop\/#breadcrumb","itemListElement":[{"@type":"ListItem","position":1,"name":"Hem","item":"https:\/\/fernafoundation.org\/sv\/"},{"@type":"ListItem","position":2,"name":"Upprop"}]},{"@type":"WebSite","@id":"https:\/\/fernafoundation.org\/sv\/#website","url":"https:\/\/fernafoundation.org\/sv\/","name":"FERNA","description":"The giving foundation for Forest Entrepreneurship, Research, Nature  conservation and Adventure","publisher":{"@id":"https:\/\/fernafoundation.org\/sv\/#organization"},"potentialAction":[{"@type":"SearchAction","target":{"@type":"EntryPoint","urlTemplate":"https:\/\/fernafoundation.org\/sv\/?s={search_term_string}"},"query-input":{"@type":"PropertyValueSpecification","valueRequired":true,"valueName":"search_term_string"}}],"inLanguage":"sv-SE"},{"@type":"Organization","@id":"https:\/\/fernafoundation.org\/sv\/#organization","name":"Ferna Foundation","url":"https:\/\/fernafoundation.org\/sv\/","logo":{"@type":"ImageObject","inLanguage":"sv-SE","@id":"https:\/\/fernafoundation.org\/sv\/#\/schema\/logo\/image\/","url":"https:\/\/fernafoundation.org\/wp-content\/uploads\/2022\/04\/FERNA-Logo-orig.png","contentUrl":"https:\/\/fernafoundation.org\/wp-content\/uploads\/2022\/04\/FERNA-Logo-orig.png","width":2560,"height":539,"caption":"Ferna Foundation"},"image":{"@id":"https:\/\/fernafoundation.org\/sv\/#\/schema\/logo\/image\/"}}]}},"_links":{"self":[{"href":"https:\/\/fernafoundation.org\/sv\/wp-json\/wp\/v2\/pages\/814","targetHints":{"allow":["GET"]}}],"collection":[{"href":"https:\/\/fernafoundation.org\/sv\/wp-json\/wp\/v2\/pages"}],"about":[{"href":"https:\/\/fernafoundation.org\/sv\/wp-json\/wp\/v2\/types\/page"}],"author":[{"embeddable":true,"href":"https:\/\/fernafoundation.org\/sv\/wp-json\/wp\/v2\/users\/2"}],"replies":[{"embeddable":true,"href":"https:\/\/fernafoundation.org\/sv\/wp-json\/wp\/v2\/comments?post=814"}],"version-history":[{"count":10,"href":"https:\/\/fernafoundation.org\/sv\/wp-json\/wp\/v2\/pages\/814\/revisions"}],"predecessor-version":[{"id":2986,"href":"https:\/\/fernafoundation.org\/sv\/wp-json\/wp\/v2\/pages\/814\/revisions\/2986"}],"wp:attachment":[{"href":"https:\/\/fernafoundation.org\/sv\/wp-json\/wp\/v2\/media?parent=814"}],"curies":[{"name":"wp","href":"https:\/\/api.w.org\/{rel}","templated":true}]}}