{"id":887,"date":"2022-04-12T15:36:18","date_gmt":"2022-04-12T15:36:18","guid":{"rendered":"https:\/\/fernafoundation.org\/?page_id=887"},"modified":"2022-10-31T17:34:01","modified_gmt":"2022-10-31T17:34:01","slug":"kontakt","status":"publish","type":"page","link":"https:\/\/fernafoundation.org\/sv\/kontakt\/","title":{"rendered":"Kontakt"},"content":{"rendered":"\t\t<div data-elementor-type=\"wp-page\" data-elementor-id=\"887\" class=\"elementor elementor-887\" data-elementor-post-type=\"page\">\n\t\t\t\t\t\t<section class=\"elementor-section elementor-top-section elementor-element elementor-element-0bda786 elementor-section-height-min-height elementor-section-boxed elementor-section-height-default elementor-section-items-middle\" data-id=\"0bda786\" data-element_type=\"section\" data-e-type=\"section\" data-settings=\"{&quot;background_background&quot;:&quot;classic&quot;}\">\n\t\t\t\t\t\t\t<div class=\"elementor-background-overlay\"><\/div>\n\t\t\t\t\t\t\t<div class=\"elementor-container elementor-column-gap-default\">\n\t\t\t\t\t<div class=\"elementor-column elementor-col-100 elementor-top-column elementor-element elementor-element-3c24695\" data-id=\"3c24695\" data-element_type=\"column\" data-e-type=\"column\">\n\t\t\t<div class=\"elementor-widget-wrap elementor-element-populated\">\n\t\t\t\t\t\t<div class=\"elementor-element elementor-element-6bc40ab elementor-widget elementor-widget-heading\" data-id=\"6bc40ab\" data-element_type=\"widget\" data-e-type=\"widget\" data-widget_type=\"heading.default\">\n\t\t\t\t<div class=\"elementor-widget-container\">\n\t\t\t\t\t<h2 class=\"elementor-heading-title elementor-size-default\">Kontakta oss<\/h2>\t\t\t\t<\/div>\n\t\t\t\t<\/div>\n\t\t\t\t\t<\/div>\n\t\t<\/div>\n\t\t\t\t\t<\/div>\n\t\t<\/section>\n\t\t\t\t<section class=\"elementor-section elementor-top-section elementor-element elementor-element-89803a8 elementor-section-boxed elementor-section-height-default elementor-section-height-default\" data-id=\"89803a8\" data-element_type=\"section\" data-e-type=\"section\" data-settings=\"{&quot;background_background&quot;:&quot;classic&quot;}\">\n\t\t\t\t\t\t<div class=\"elementor-container elementor-column-gap-default\">\n\t\t\t\t\t<div class=\"elementor-column elementor-col-100 elementor-top-column elementor-element elementor-element-62bc169\" data-id=\"62bc169\" data-element_type=\"column\" data-e-type=\"column\">\n\t\t\t<div class=\"elementor-widget-wrap elementor-element-populated\">\n\t\t\t\t\t\t<div class=\"elementor-element elementor-element-4379135 elementor-button-align-center contact-form elementor-widget elementor-widget-form\" data-id=\"4379135\" data-element_type=\"widget\" data-e-type=\"widget\" data-settings=\"{&quot;step_next_label&quot;:&quot;Next&quot;,&quot;step_previous_label&quot;:&quot;Previous&quot;,&quot;button_width&quot;:&quot;100&quot;,&quot;step_type&quot;:&quot;number_text&quot;,&quot;step_icon_shape&quot;:&quot;circle&quot;}\" data-widget_type=\"form.default\">\n\t\t\t\t<div class=\"elementor-widget-container\">\n\t\t\t\t\t\t\t<form class=\"elementor-form\" method=\"post\" name=\"New Form\" aria-label=\"New Form\">\n\t\t\t<input type=\"hidden\" name=\"post_id\" value=\"887\"\/>\n\t\t\t<input type=\"hidden\" name=\"form_id\" value=\"4379135\"\/>\n\t\t\t<input type=\"hidden\" name=\"referer_title\" value=\"Kontakt &#8211; FERNA\" \/>\n\n\t\t\t\t\t\t\t<input type=\"hidden\" name=\"queried_id\" value=\"887\"\/>\n\t\t\t\n\t\t\t<div class=\"elementor-form-fields-wrapper elementor-labels-above\">\n\t\t\t\t\t\t\t\t<div class=\"elementor-field-type-text elementor-field-group elementor-column elementor-field-group-name elementor-col-100 elementor-field-required\">\n\t\t\t\t\t\t\t\t\t\t\t\t\t<input size=\"1\" type=\"text\" name=\"form_fields[name]\" id=\"form-field-name\" class=\"elementor-field elementor-size-sm  elementor-field-textual\" placeholder=\"Namn\" required=\"required\">\n\t\t\t\t\t\t\t\t\t\t\t<\/div>\n\t\t\t\t\t\t\t\t<div class=\"elementor-field-type-email elementor-field-group elementor-column elementor-field-group-email elementor-col-100 elementor-field-required\">\n\t\t\t\t\t\t\t\t\t\t\t\t\t<input size=\"1\" type=\"email\" name=\"form_fields[email]\" id=\"form-field-email\" class=\"elementor-field elementor-size-sm  elementor-field-textual\" placeholder=\"E-post\" required=\"required\">\n\t\t\t\t\t\t\t\t\t\t\t<\/div>\n\t\t\t\t\t\t\t\t<div class=\"elementor-field-type-textarea elementor-field-group elementor-column elementor-field-group-message elementor-col-100\">\n\t\t\t\t\t<textarea class=\"elementor-field-textual elementor-field  elementor-size-sm\" name=\"form_fields[message]\" id=\"form-field-message\" rows=\"3\" placeholder=\"Ditt meddelande\"><\/textarea>\t\t\t\t<\/div>\n\t\t\t\t\t\t\t\t<div class=\"elementor-field-group elementor-column elementor-field-type-submit elementor-col-100 e-form__buttons\">\n\t\t\t\t\t<button class=\"elementor-button elementor-size-sm\" type=\"submit\">\n\t\t\t\t\t\t<span class=\"elementor-button-content-wrapper\">\n\t\t\t\t\t\t\t\t\t\t\t\t\t\t\t\t\t\t\t\t\t\t<span class=\"elementor-button-text\">Skicka<\/span>\n\t\t\t\t\t\t\t\t\t\t\t\t\t<\/span>\n\t\t\t\t\t<\/button>\n\t\t\t\t<\/div>\n\t\t\t<\/div>\n\t\t<\/form>\n\t\t\t\t\t\t<\/div>\n\t\t\t\t<\/div>\n\t\t\t\t\t<\/div>\n\t\t<\/div>\n\t\t\t\t\t<\/div>\n\t\t<\/section>\n\t\t\t\t<\/div>\n\t\t","protected":false},"excerpt":{"rendered":"<p>Kontakta oss<\/p>\n","protected":false},"author":2,"featured_media":0,"parent":0,"menu_order":0,"comment_status":"closed","ping_status":"closed","template":"","meta":{"footnotes":""},"class_list":["post-887","page","type-page","status-publish","hentry"],"yoast_head":"<!-- This site is optimized with the Yoast SEO plugin v27.3 - https:\/\/yoast.com\/product\/yoast-seo-wordpress\/ -->\n<title>Kontakt &#8211; FERNA<\/title>\n<meta name=\"description\" content=\"Vill du kontakta FERNA? H\u00f6r av dig till ordf\u00f6rande Kaj Hob\u00e9r 072-505 03 78, sekreterare Anne Nilsson 070-517 38 76 eller info@fernafoundation.org\" \/>\n<meta name=\"robots\" content=\"index, follow, max-snippet:-1, max-image-preview:large, max-video-preview:-1\" \/>\n<link rel=\"canonical\" href=\"https:\/\/fernafoundation.org\/sv\/kontakt\/\" \/>\n<meta property=\"og:locale\" content=\"sv_SE\" \/>\n<meta property=\"og:type\" content=\"article\" \/>\n<meta property=\"og:title\" content=\"Kontakt &#8211; FERNA\" \/>\n<meta property=\"og:description\" content=\"Vill du kontakta FERNA? H\u00f6r av dig till ordf\u00f6rande Kaj Hob\u00e9r 072-505 03 78, sekreterare Anne Nilsson 070-517 38 76 eller info@fernafoundation.org\" \/>\n<meta property=\"og:url\" content=\"https:\/\/fernafoundation.org\/sv\/kontakt\/\" \/>\n<meta property=\"og:site_name\" content=\"FERNA\" \/>\n<meta property=\"article:modified_time\" content=\"2022-10-31T17:34:01+00:00\" \/>\n<meta name=\"twitter:card\" content=\"summary_large_image\" \/>\n<meta name=\"twitter:label1\" content=\"Ber\u00e4knad l\u00e4stid\" \/>\n\t<meta name=\"twitter:data1\" content=\"1 minut\" \/>\n<script type=\"application\/ld+json\" class=\"yoast-schema-graph\">{\"@context\":\"https:\\\/\\\/schema.org\",\"@graph\":[{\"@type\":\"WebPage\",\"@id\":\"https:\\\/\\\/fernafoundation.org\\\/sv\\\/kontakt\\\/\",\"url\":\"https:\\\/\\\/fernafoundation.org\\\/sv\\\/kontakt\\\/\",\"name\":\"Kontakt &#8211; FERNA\",\"isPartOf\":{\"@id\":\"https:\\\/\\\/fernafoundation.org\\\/sv\\\/#website\"},\"datePublished\":\"2022-04-12T15:36:18+00:00\",\"dateModified\":\"2022-10-31T17:34:01+00:00\",\"description\":\"Vill du kontakta FERNA? H\u00f6r av dig till ordf\u00f6rande Kaj Hob\u00e9r 072-505 03 78, sekreterare Anne Nilsson 070-517 38 76 eller info@fernafoundation.org\",\"breadcrumb\":{\"@id\":\"https:\\\/\\\/fernafoundation.org\\\/sv\\\/kontakt\\\/#breadcrumb\"},\"inLanguage\":\"sv-SE\",\"potentialAction\":[{\"@type\":\"ReadAction\",\"target\":[\"https:\\\/\\\/fernafoundation.org\\\/sv\\\/kontakt\\\/\"]}]},{\"@type\":\"BreadcrumbList\",\"@id\":\"https:\\\/\\\/fernafoundation.org\\\/sv\\\/kontakt\\\/#breadcrumb\",\"itemListElement\":[{\"@type\":\"ListItem\",\"position\":1,\"name\":\"Hem\",\"item\":\"https:\\\/\\\/fernafoundation.org\\\/sv\\\/\"},{\"@type\":\"ListItem\",\"position\":2,\"name\":\"Kontakt\"}]},{\"@type\":\"WebSite\",\"@id\":\"https:\\\/\\\/fernafoundation.org\\\/sv\\\/#website\",\"url\":\"https:\\\/\\\/fernafoundation.org\\\/sv\\\/\",\"name\":\"FERNA\",\"description\":\"The giving foundation for Forest Entrepreneurship, Research, Nature  conservation and Adventure\",\"publisher\":{\"@id\":\"https:\\\/\\\/fernafoundation.org\\\/sv\\\/#organization\"},\"potentialAction\":[{\"@type\":\"SearchAction\",\"target\":{\"@type\":\"EntryPoint\",\"urlTemplate\":\"https:\\\/\\\/fernafoundation.org\\\/sv\\\/?s={search_term_string}\"},\"query-input\":{\"@type\":\"PropertyValueSpecification\",\"valueRequired\":true,\"valueName\":\"search_term_string\"}}],\"inLanguage\":\"sv-SE\"},{\"@type\":\"Organization\",\"@id\":\"https:\\\/\\\/fernafoundation.org\\\/sv\\\/#organization\",\"name\":\"Ferna Foundation\",\"url\":\"https:\\\/\\\/fernafoundation.org\\\/sv\\\/\",\"logo\":{\"@type\":\"ImageObject\",\"inLanguage\":\"sv-SE\",\"@id\":\"https:\\\/\\\/fernafoundation.org\\\/sv\\\/#\\\/schema\\\/logo\\\/image\\\/\",\"url\":\"https:\\\/\\\/fernafoundation.org\\\/wp-content\\\/uploads\\\/2022\\\/04\\\/FERNA-Logo-orig.png\",\"contentUrl\":\"https:\\\/\\\/fernafoundation.org\\\/wp-content\\\/uploads\\\/2022\\\/04\\\/FERNA-Logo-orig.png\",\"width\":2560,\"height\":539,\"caption\":\"Ferna Foundation\"},\"image\":{\"@id\":\"https:\\\/\\\/fernafoundation.org\\\/sv\\\/#\\\/schema\\\/logo\\\/image\\\/\"}}]}<\/script>\n<!-- \/ Yoast SEO plugin. -->","yoast_head_json":{"title":"Kontakt &#8211; FERNA","description":"Vill du kontakta FERNA? H\u00f6r av dig till ordf\u00f6rande Kaj Hob\u00e9r 072-505 03 78, sekreterare Anne Nilsson 070-517 38 76 eller info@fernafoundation.org","robots":{"index":"index","follow":"follow","max-snippet":"max-snippet:-1","max-image-preview":"max-image-preview:large","max-video-preview":"max-video-preview:-1"},"canonical":"https:\/\/fernafoundation.org\/sv\/kontakt\/","og_locale":"sv_SE","og_type":"article","og_title":"Kontakt &#8211; FERNA","og_description":"Vill du kontakta FERNA? H\u00f6r av dig till ordf\u00f6rande Kaj Hob\u00e9r 072-505 03 78, sekreterare Anne Nilsson 070-517 38 76 eller info@fernafoundation.org","og_url":"https:\/\/fernafoundation.org\/sv\/kontakt\/","og_site_name":"FERNA","article_modified_time":"2022-10-31T17:34:01+00:00","twitter_card":"summary_large_image","twitter_misc":{"Ber\u00e4knad l\u00e4stid":"1 minut"},"schema":{"@context":"https:\/\/schema.org","@graph":[{"@type":"WebPage","@id":"https:\/\/fernafoundation.org\/sv\/kontakt\/","url":"https:\/\/fernafoundation.org\/sv\/kontakt\/","name":"Kontakt &#8211; FERNA","isPartOf":{"@id":"https:\/\/fernafoundation.org\/sv\/#website"},"datePublished":"2022-04-12T15:36:18+00:00","dateModified":"2022-10-31T17:34:01+00:00","description":"Vill du kontakta FERNA? H\u00f6r av dig till ordf\u00f6rande Kaj Hob\u00e9r 072-505 03 78, sekreterare Anne Nilsson 070-517 38 76 eller info@fernafoundation.org","breadcrumb":{"@id":"https:\/\/fernafoundation.org\/sv\/kontakt\/#breadcrumb"},"inLanguage":"sv-SE","potentialAction":[{"@type":"ReadAction","target":["https:\/\/fernafoundation.org\/sv\/kontakt\/"]}]},{"@type":"BreadcrumbList","@id":"https:\/\/fernafoundation.org\/sv\/kontakt\/#breadcrumb","itemListElement":[{"@type":"ListItem","position":1,"name":"Hem","item":"https:\/\/fernafoundation.org\/sv\/"},{"@type":"ListItem","position":2,"name":"Kontakt"}]},{"@type":"WebSite","@id":"https:\/\/fernafoundation.org\/sv\/#website","url":"https:\/\/fernafoundation.org\/sv\/","name":"FERNA","description":"The giving foundation for Forest Entrepreneurship, Research, Nature  conservation and Adventure","publisher":{"@id":"https:\/\/fernafoundation.org\/sv\/#organization"},"potentialAction":[{"@type":"SearchAction","target":{"@type":"EntryPoint","urlTemplate":"https:\/\/fernafoundation.org\/sv\/?s={search_term_string}"},"query-input":{"@type":"PropertyValueSpecification","valueRequired":true,"valueName":"search_term_string"}}],"inLanguage":"sv-SE"},{"@type":"Organization","@id":"https:\/\/fernafoundation.org\/sv\/#organization","name":"Ferna Foundation","url":"https:\/\/fernafoundation.org\/sv\/","logo":{"@type":"ImageObject","inLanguage":"sv-SE","@id":"https:\/\/fernafoundation.org\/sv\/#\/schema\/logo\/image\/","url":"https:\/\/fernafoundation.org\/wp-content\/uploads\/2022\/04\/FERNA-Logo-orig.png","contentUrl":"https:\/\/fernafoundation.org\/wp-content\/uploads\/2022\/04\/FERNA-Logo-orig.png","width":2560,"height":539,"caption":"Ferna Foundation"},"image":{"@id":"https:\/\/fernafoundation.org\/sv\/#\/schema\/logo\/image\/"}}]}},"_links":{"self":[{"href":"https:\/\/fernafoundation.org\/sv\/wp-json\/wp\/v2\/pages\/887","targetHints":{"allow":["GET"]}}],"collection":[{"href":"https:\/\/fernafoundation.org\/sv\/wp-json\/wp\/v2\/pages"}],"about":[{"href":"https:\/\/fernafoundation.org\/sv\/wp-json\/wp\/v2\/types\/page"}],"author":[{"embeddable":true,"href":"https:\/\/fernafoundation.org\/sv\/wp-json\/wp\/v2\/users\/2"}],"replies":[{"embeddable":true,"href":"https:\/\/fernafoundation.org\/sv\/wp-json\/wp\/v2\/comments?post=887"}],"version-history":[{"count":3,"href":"https:\/\/fernafoundation.org\/sv\/wp-json\/wp\/v2\/pages\/887\/revisions"}],"predecessor-version":[{"id":2784,"href":"https:\/\/fernafoundation.org\/sv\/wp-json\/wp\/v2\/pages\/887\/revisions\/2784"}],"wp:attachment":[{"href":"https:\/\/fernafoundation.org\/sv\/wp-json\/wp\/v2\/media?parent=887"}],"curies":[{"name":"wp","href":"https:\/\/api.w.org\/{rel}","templated":true}]}}